{"id":109,"date":"2025-10-01T11:28:10","date_gmt":"2025-10-01T11:28:10","guid":{"rendered":"https:\/\/straznicykalamarza.pl\/?page_id=109"},"modified":"2025-10-07T08:58:24","modified_gmt":"2025-10-07T08:58:24","slug":"wersje-drukowane","status":"publish","type":"page","link":"https:\/\/straznicykalamarza.pl\/index.php\/wersje-drukowane\/","title":{"rendered":"Wersje drukowane"},"content":{"rendered":"\n<p>Lubisz tradycyjne, papierowe kolorowanki?<br>Opr\u00f3cz wersji cyfrowych (PDF) dost\u0119pnych w naszym sklepie, przygotowali\u015bmy r\u00f3wnie\u017c <strong>drukowane wydania kolorowanek<\/strong>, kt\u00f3re mo\u017cesz zam\u00f3wi\u0107 bezpo\u015brednio na <strong>Amazonie<\/strong>.<\/p>\n\n\n\n<p>To idealne rozwi\u0105zanie je\u015bli chcesz zrobi\u0107 komu\u015b wyj\u0105tkowy prezent. <\/p>\n\n\n\n<p>Ka\u017cda ksi\u0105\u017cka drukowana:<\/p>\n\n\n\n<ul class=\"wp-block-list\">\n<li>ma wysokiej jako\u015bci papier,<\/li>\n\n\n\n<li>zawiera starannie przygotowane ilustracje,<\/li>\n\n\n\n<li>jest dost\u0119pna w wygodnym formacie do kolorowania.<\/li>\n<\/ul>\n\n\n\n<p>\ud83d\udce6 Zam\u00f3wienia realizowane s\u0105 przez Amazon \u2013 dzi\u0119ki temu masz pewno\u015b\u0107 szybkiej dostawy i bezpiecznej p\u0142atno\u015bci.<\/p>\n\n\n\n<p>Linki do drukowanych wersji w realizacji Amazon znajdziesz w opisie poszczeg\u00f3lnych produkt\u00f3w.<\/p>\n\n\n\n<p>Aby zobaczy\u0107 nasz skalp na Amazon kliknij w obrazek poni\u017cej. <\/p>\n\n\n\n<figure class=\"wp-block-image is-resized\"><a href=\"https:\/\/amzn.to\/4mR99bu\"><img loading=\"lazy\" decoding=\"async\" width=\"1500\" height=\"723\" src=\"https:\/\/straznicykalamarza.pl\/wp-content\/uploads\/2025\/10\/available_at_amazon_AE_EN_logo_stacked_RGB_SQUID.png\" alt=\"\" class=\"wp-image-174\" style=\"width:136px;height:auto\" srcset=\"https:\/\/straznicykalamarza.pl\/wp-content\/uploads\/2025\/10\/available_at_amazon_AE_EN_logo_stacked_RGB_SQUID.png 1500w, https:\/\/straznicykalamarza.pl\/wp-content\/uploads\/2025\/10\/available_at_amazon_AE_EN_logo_stacked_RGB_SQUID-300x145.png 300w, https:\/\/straznicykalamarza.pl\/wp-content\/uploads\/2025\/10\/available_at_amazon_AE_EN_logo_stacked_RGB_SQUID-1024x494.png 1024w, https:\/\/straznicykalamarza.pl\/wp-content\/uploads\/2025\/10\/available_at_amazon_AE_EN_logo_stacked_RGB_SQUID-768x370.png 768w, https:\/\/straznicykalamarza.pl\/wp-content\/uploads\/2025\/10\/available_at_amazon_AE_EN_logo_stacked_RGB_SQUID-1320x636.png 1320w, https:\/\/straznicykalamarza.pl\/wp-content\/uploads\/2025\/10\/available_at_amazon_AE_EN_logo_stacked_RGB_SQUID-600x289.png 600w\" sizes=\"auto, (max-width: 1500px) 100vw, 1500px\" \/><\/a><\/figure>\n","protected":false},"excerpt":{"rendered":"<p>Lubisz tradycyjne, papierowe kolorowanki?Opr\u00f3cz wersji cyfrowych (PDF) dost\u0119pnych w naszym sklepie, przygotowali\u015bmy r\u00f3wnie\u017c drukowane wydania kolorowanek, kt\u00f3re mo\u017cesz zam\u00f3wi\u0107 bezpo\u015brednio na Amazonie. To idealne rozwi\u0105zanie je\u015bli chcesz zrobi\u0107 komu\u015b wyj\u0105tkowy prezent. Ka\u017cda ksi\u0105\u017cka drukowana: \ud83d\udce6 Zam\u00f3wienia realizowane s\u0105 przez Amazon \u2013 dzi\u0119ki temu masz pewno\u015b\u0107 szybkiej dostawy i bezpiecznej p\u0142atno\u015bci. Linki do drukowanych wersji w&#8230;<\/p>\n","protected":false},"author":1,"featured_media":0,"parent":0,"menu_order":0,"comment_status":"closed","ping_status":"closed","template":"","meta":{"om_disable_all_campaigns":false,"_monsterinsights_skip_tracking":false,"_monsterinsights_sitenote_active":false,"_monsterinsights_sitenote_note":"","_monsterinsights_sitenote_category":0,"_kad_post_transparent":"","_kad_post_title":"","_kad_post_layout":"","_kad_post_sidebar_id":"","_kad_post_content_style":"","_kad_post_vertical_padding":"","_kad_post_feature":"","_kad_post_feature_position":"","_kad_post_header":false,"_kad_post_footer":false,"footnotes":""},"class_list":["post-109","page","type-page","status-publish","hentry"],"aioseo_notices":[],"jetpack_sharing_enabled":true,"_links":{"self":[{"href":"https:\/\/straznicykalamarza.pl\/index.php\/wp-json\/wp\/v2\/pages\/109","targetHints":{"allow":["GET"]}}],"collection":[{"href":"https:\/\/straznicykalamarza.pl\/index.php\/wp-json\/wp\/v2\/pages"}],"about":[{"href":"https:\/\/straznicykalamarza.pl\/index.php\/wp-json\/wp\/v2\/types\/page"}],"author":[{"embeddable":true,"href":"https:\/\/straznicykalamarza.pl\/index.php\/wp-json\/wp\/v2\/users\/1"}],"replies":[{"embeddable":true,"href":"https:\/\/straznicykalamarza.pl\/index.php\/wp-json\/wp\/v2\/comments?post=109"}],"version-history":[{"count":2,"href":"https:\/\/straznicykalamarza.pl\/index.php\/wp-json\/wp\/v2\/pages\/109\/revisions"}],"predecessor-version":[{"id":188,"href":"https:\/\/straznicykalamarza.pl\/index.php\/wp-json\/wp\/v2\/pages\/109\/revisions\/188"}],"wp:attachment":[{"href":"https:\/\/straznicykalamarza.pl\/index.php\/wp-json\/wp\/v2\/media?parent=109"}],"curies":[{"name":"wp","href":"https:\/\/api.w.org\/{rel}","templated":true}]}}