{"id":95,"date":"2025-10-01T11:00:52","date_gmt":"2025-10-01T11:00:52","guid":{"rendered":"https:\/\/straznicykalamarza.pl\/?page_id=95"},"modified":"2025-10-01T11:00:54","modified_gmt":"2025-10-01T11:00:54","slug":"kontakt","status":"publish","type":"page","link":"https:\/\/straznicykalamarza.pl\/index.php\/kontakt\/","title":{"rendered":"Kontakt"},"content":{"rendered":"\n<p>Masz pytania dotycz\u0105ce naszych kolorowanek, problem z pobraniem pliku albo chcesz dowiedzie\u0107 si\u0119 wi\u0119cej o naszej ofercie?<br>Jeste\u015bmy do Twojej dyspozycji!<\/p>\n\n\n\n<p>Mo\u017cesz si\u0119 z nami skontaktowa\u0107 w ka\u017cdej sprawie:<\/p>\n\n\n\n<ul class=\"wp-block-list\">\n<li>pytania o produkty i licencje,<\/li>\n\n\n\n<li>problemy techniczne z pobraniem,<\/li>\n\n\n\n<li>propozycje wsp\u00f3\u0142pracy i partnerstwa.<\/li>\n<\/ul>\n\n\n\n<p>\ud83d\udce9 <strong>E-mail:<\/strong> <a>kontakt@straznicykalamarza.pl<\/a><br>\ud83d\udcd8 <strong>Facebook:<\/strong> <a href=\"https:\/\/www.facebook.com\/profile.php?id=61578798964450\">https:\/\/www.facebook.com\/profile.php?id=61578798964450<\/a><\/p>\n\n\n\n<p>Administratorem Twoich danych jest Stra\u017cnicy Ka\u0142amarza. Dane s\u0105 wykorzystywane wy\u0142\u0105cznie w celu odpowiedzi na Twoj\u0105 wiadomo\u015b\u0107 i nie b\u0119d\u0105 udost\u0119pniane osobom trzecim.<\/p>\n","protected":false},"excerpt":{"rendered":"<p>Masz pytania dotycz\u0105ce naszych kolorowanek, problem z pobraniem pliku albo chcesz dowiedzie\u0107 si\u0119 wi\u0119cej o naszej ofercie?Jeste\u015bmy do Twojej dyspozycji! Mo\u017cesz si\u0119 z nami skontaktowa\u0107 w ka\u017cdej sprawie: \ud83d\udce9 E-mail: kontakt@straznicykalamarza.pl\ud83d\udcd8 Facebook: https:\/\/www.facebook.com\/profile.php?id=61578798964450 Administratorem Twoich danych jest Stra\u017cnicy Ka\u0142amarza. Dane s\u0105 wykorzystywane wy\u0142\u0105cznie w celu odpowiedzi na Twoj\u0105 wiadomo\u015b\u0107 i nie b\u0119d\u0105 udost\u0119pniane osobom trzecim.<\/p>\n","protected":false},"author":1,"featured_media":0,"parent":0,"menu_order":0,"comment_status":"closed","ping_status":"closed","template":"","meta":{"om_disable_all_campaigns":false,"_monsterinsights_skip_tracking":false,"_monsterinsights_sitenote_active":false,"_monsterinsights_sitenote_note":"","_monsterinsights_sitenote_category":0,"_kad_post_transparent":"","_kad_post_title":"","_kad_post_layout":"","_kad_post_sidebar_id":"","_kad_post_content_style":"","_kad_post_vertical_padding":"","_kad_post_feature":"","_kad_post_feature_position":"","_kad_post_header":false,"_kad_post_footer":false,"footnotes":""},"class_list":["post-95","page","type-page","status-publish","hentry"],"aioseo_notices":[],"jetpack_sharing_enabled":true,"_links":{"self":[{"href":"https:\/\/straznicykalamarza.pl\/index.php\/wp-json\/wp\/v2\/pages\/95","targetHints":{"allow":["GET"]}}],"collection":[{"href":"https:\/\/straznicykalamarza.pl\/index.php\/wp-json\/wp\/v2\/pages"}],"about":[{"href":"https:\/\/straznicykalamarza.pl\/index.php\/wp-json\/wp\/v2\/types\/page"}],"author":[{"embeddable":true,"href":"https:\/\/straznicykalamarza.pl\/index.php\/wp-json\/wp\/v2\/users\/1"}],"replies":[{"embeddable":true,"href":"https:\/\/straznicykalamarza.pl\/index.php\/wp-json\/wp\/v2\/comments?post=95"}],"version-history":[{"count":2,"href":"https:\/\/straznicykalamarza.pl\/index.php\/wp-json\/wp\/v2\/pages\/95\/revisions"}],"predecessor-version":[{"id":189,"href":"https:\/\/straznicykalamarza.pl\/index.php\/wp-json\/wp\/v2\/pages\/95\/revisions\/189"}],"wp:attachment":[{"href":"https:\/\/straznicykalamarza.pl\/index.php\/wp-json\/wp\/v2\/media?parent=95"}],"curies":[{"name":"wp","href":"https:\/\/api.w.org\/{rel}","templated":true}]}}