{"id":228,"date":"2025-10-08T10:05:11","date_gmt":"2025-10-08T10:05:11","guid":{"rendered":"https:\/\/straznicykalamarza.pl\/?post_type=product&#038;p=228"},"modified":"2025-11-12T08:41:13","modified_gmt":"2025-11-12T08:41:13","slug":"wikingowie-antystresowa-kolorowanka-dla-doroslych","status":"publish","type":"product","link":"https:\/\/straznicykalamarza.pl\/index.php\/produkt\/wikingowie-antystresowa-kolorowanka-dla-doroslych\/","title":{"rendered":"Wikingowie &#8211; Antystresowa kolorowanka dla doros\u0142ych"},"content":{"rendered":"<p>Poznaj \u015bwiat Wiking\u00f3w z zupe\u0142nie innej perspektywy \u2014 nie tylko jako wojownik\u00f3w, ale te\u017c jako kochank\u00f3w, rodzic\u00f3w, budowniczych, my\u015bliwych i marzycieli zapatrzonych w morsk\u0105 lini\u0119 horyzontu.<\/p>\n<p>\u201eWikingowie \u2013 \u017bycie, Mi\u0142o\u015b\u0107 i Morze\u201d to wyj\u0105tkowa kolorowanka antystresowa dla doros\u0142ych, w kt\u00f3rej znajdziesz ponadczasow\u0105 si\u0142\u0119 p\u00f3\u0142nocy \u2014 zakl\u0119t\u0105 w detalach codziennego \u017cycia dawnych Skandynaw\u00f3w.<\/p>\n<p>\ud83d\udee1\ufe0f\u00a0<span class=\"a-text-bold\">W \u015brodku znajdziesz:<\/span><\/p>\n<ul class=\"a-unordered-list a-vertical\">\n<li>Sceny z \u017cycia Wiking\u00f3w: uczty, rytua\u0142y, polowania, narodziny, wyprawy, treningi i po\u017cegnania<\/li>\n<li>Silne kobiety i dumni wojownicy w chwilach chwa\u0142y, t\u0119sknoty i czu\u0142o\u015bci<\/li>\n<li>Tarcze, runy, \u0142odzie, zbroje, d\u0142ugie domy i symbole nordyckie \u2014 wszystko gotowe do pokolorowania<\/li>\n<li>mn\u00f3stwo detali do tw\u00f3rczego relaksu i wyciszenia\u2714\u00a0<span class=\"a-text-bold\">30 autorskich ilustracji<\/span>\u00a0stworzonych, by odpr\u0119\u017cy\u0107, wyciszy\u0107 i pobudzi\u0107 Twoj\u0105 kreatywno\u015b\u0107<br \/>\n\u2714Idealna propozycja dla fan\u00f3w\u00a0<span class=\"a-text-bold\">fantasy, sztuki i nordyckiego \u015bwiata<\/span><br \/>\n\u2714\u00a0<span class=\"a-text-bold\">Bonus na ko\u0144cu ksi\u0105\u017cki<\/span>\u00a0\u2013 dodatkowa niespodzianka w ka\u017cdej pozycji<br \/>\n\u2714 Du\u017cy, wygodny format \u2013 perfekcyjny do kolorowania<\/li>\n<\/ul>\n<p>\u2694\ufe0f To ksi\u0105\u017cka to opowie\u015b\u0107 o ludziach, kt\u00f3rych serca bi\u0142y r\u00f3wnie mocno w walce, jak i w mi\u0142o\u015bci.<\/p>\n<p><span class=\"a-text-bold\">Zanurz si\u0119 w \u015bwiat legend i emocji. Pokoloruj swoj\u0105 sag\u0119 \u2014 strona po stronie.<\/span><\/p>\n<p><span class=\"a-text-bold\">Stra\u017cnicy Ka\u0142amarza \u2013 dla doros\u0142ych kt\u00f3rzy chc\u0105 kreatywnie nic nie robi\u0107.<\/span><\/p>\n","protected":false},"excerpt":{"rendered":"<p>Poznaj \u015bwiat Wiking\u00f3w z zupe\u0142nie innej perspektywy \u2014 nie tylko jako wojownik\u00f3w, ale te\u017c jako kochank\u00f3w, rodzic\u00f3w, budowniczych, my\u015bliwych i marzycieli zapatrzonych w morsk\u0105 lini\u0119 horyzontu. \u201eWikingowie \u2013 \u017bycie, Mi\u0142o\u015b\u0107 i Morze\u201d to wyj\u0105tkowa kolorowanka antystresowa dla doros\u0142ych, w kt\u00f3rej znajdziesz ponadczasow\u0105 si\u0142\u0119 p\u00f3\u0142nocy \u2014 zakl\u0119t\u0105 w detalach codziennego \u017cycia dawnych Skandynaw\u00f3w. \ud83d\udee1\ufe0f\u00a0W \u015brodku znajdziesz:&#8230;<\/p>\n","protected":false},"featured_media":229,"comment_status":"open","ping_status":"closed","template":"","meta":{"om_disable_all_campaigns":false,"_monsterinsights_skip_tracking":false,"_monsterinsights_sitenote_active":false,"_monsterinsights_sitenote_note":"","_monsterinsights_sitenote_category":0,"_kad_post_transparent":"default","_kad_post_title":"","_kad_post_layout":"default","_kad_post_sidebar_id":"","_kad_post_content_style":"default","_kad_post_vertical_padding":"default","_kad_post_feature":"","_kad_post_feature_position":"","_kad_post_header":false,"_kad_post_footer":false},"product_brand":[],"product_cat":[24],"product_tag":[],"class_list":{"0":"post-228","1":"product","2":"type-product","3":"status-publish","4":"has-post-thumbnail","6":"product_cat-kolorowanki-dla-doroslych","8":"first","9":"instock","10":"downloadable","11":"virtual","12":"purchasable","13":"product-type-simple","14":"entry","15":"content-bg","16":"loop-entry"},"aioseo_notices":[],"jetpack_sharing_enabled":true,"_links":{"self":[{"href":"https:\/\/straznicykalamarza.pl\/index.php\/wp-json\/wp\/v2\/product\/228","targetHints":{"allow":["GET"]}}],"collection":[{"href":"https:\/\/straznicykalamarza.pl\/index.php\/wp-json\/wp\/v2\/product"}],"about":[{"href":"https:\/\/straznicykalamarza.pl\/index.php\/wp-json\/wp\/v2\/types\/product"}],"replies":[{"embeddable":true,"href":"https:\/\/straznicykalamarza.pl\/index.php\/wp-json\/wp\/v2\/comments?post=228"}],"wp:featuredmedia":[{"embeddable":true,"href":"https:\/\/straznicykalamarza.pl\/index.php\/wp-json\/wp\/v2\/media\/229"}],"wp:attachment":[{"href":"https:\/\/straznicykalamarza.pl\/index.php\/wp-json\/wp\/v2\/media?parent=228"}],"wp:term":[{"taxonomy":"product_brand","embeddable":true,"href":"https:\/\/straznicykalamarza.pl\/index.php\/wp-json\/wp\/v2\/product_brand?post=228"},{"taxonomy":"product_cat","embeddable":true,"href":"https:\/\/straznicykalamarza.pl\/index.php\/wp-json\/wp\/v2\/product_cat?post=228"},{"taxonomy":"product_tag","embeddable":true,"href":"https:\/\/straznicykalamarza.pl\/index.php\/wp-json\/wp\/v2\/product_tag?post=228"}],"curies":[{"name":"wp","href":"https:\/\/api.w.org\/{rel}","templated":true}]}}