{"id":237,"date":"2025-10-08T10:17:12","date_gmt":"2025-10-08T10:17:12","guid":{"rendered":"https:\/\/straznicykalamarza.pl\/?post_type=product&#038;p=237"},"modified":"2025-11-12T08:23:48","modified_gmt":"2025-11-12T08:23:48","slug":"zmyslowe-anioly-antystresowa-kolorowanka-dla-doroslych","status":"publish","type":"product","link":"https:\/\/straznicykalamarza.pl\/index.php\/produkt\/zmyslowe-anioly-antystresowa-kolorowanka-dla-doroslych\/","title":{"rendered":"Zmys\u0142owe Anio\u0142y &#8211; Antystresowa kolorowanka dla doros\u0142ych"},"content":{"rendered":"<p>Wejd\u017a do \u015bwiata, gdzie niebia\u0144ska pi\u0119kno\u015b\u0107 spotyka si\u0119 z gotyckim mrokiem.<br \/>\nTa niezwyk\u0142a kolorowanka przeniesie Ci\u0119 w mistyczny wymiar, w kt\u00f3rym zmys\u0142owe anielice unosz\u0105 si\u0119 w\u015br\u00f3d \u015bwiat\u0142a, cieni i ornament\u00f3w, czekaj\u0105c, a\u017c o\u017cywisz je swoimi barwami.<\/p>\n<p>\u2714\u00a0<span class=\"a-text-bold\">30 wyj\u0105tkowych ilustracji<\/span>\u00a0\u2013 pe\u0142nych detali i artystycznych zdobie\u0144<br \/>\n\u2714\u00a0<span class=\"a-text-bold\">Motywy anio\u0142\u00f3w i skrzyde\u0142<\/span>\u00a0\u2013 mistyczne, gotyckie i zmys\u0142owe sceny dla doros\u0142ych<br \/>\n\u2714\u00a0<span class=\"a-text-bold\">Antystresowa zabawa<\/span> \u2013 kolorowanie, kt\u00f3re odpr\u0119\u017ca i pobudza wyobra\u017ani\u0119<br \/>\n\u2714\u00a0<span class=\"a-text-bold\">Du\u017cy, wygodny format\u00a0<\/span><br \/>\n\u2714\u00a0<span class=\"a-text-bold\">Bonus!<\/span>\u00a0\u2013 na ko\u0144cu ka\u017cdej pozycji z serii niespodzianka<\/p>\n<p>Ta kolorowanka to nie tylko spos\u00f3b na relaks \u2013 to zaproszenie do magicznej podr\u00f3\u017cy, w kt\u00f3rej \u015bwiat\u0142o i mrok splataj\u0105 si\u0119 w jeden obraz.<br \/>\nIdealny prezent dla mi\u0142o\u015bnik\u00f3w fantazy, gotyckiej sztuki i niezwyk\u0142ej kobiecej si\u0142y.<\/p>\n<p>\u2728\u00a0<span class=\"a-text-bold\">Odkryj pi\u0119kno zmys\u0142owych anio\u0142\u00f3w i pozw\u00f3l sobie na chwil\u0119 mistycznego spokoju!<\/span>\u00a0\u2728<\/p>\n<p>Stra\u017cnicy Ka\u0142amarza &#8211; Dla doros\u0142ych kt\u00f3rzy chc\u0105 kreatywnie nic nie robi\u0107.<\/p>\n","protected":false},"excerpt":{"rendered":"<p>Wejd\u017a do \u015bwiata, gdzie niebia\u0144ska pi\u0119kno\u015b\u0107 spotyka si\u0119 z gotyckim mrokiem. Ta niezwyk\u0142a kolorowanka przeniesie Ci\u0119 w mistyczny wymiar, w kt\u00f3rym zmys\u0142owe anielice unosz\u0105 si\u0119 w\u015br\u00f3d \u015bwiat\u0142a, cieni i ornament\u00f3w, czekaj\u0105c, a\u017c o\u017cywisz je swoimi barwami. \u2714\u00a030 wyj\u0105tkowych ilustracji\u00a0\u2013 pe\u0142nych detali i artystycznych zdobie\u0144 \u2714\u00a0Motywy anio\u0142\u00f3w i skrzyde\u0142\u00a0\u2013 mistyczne, gotyckie i zmys\u0142owe sceny dla doros\u0142ych&#8230;<\/p>\n","protected":false},"featured_media":242,"comment_status":"open","ping_status":"closed","template":"","meta":{"om_disable_all_campaigns":false,"_monsterinsights_skip_tracking":false,"_monsterinsights_sitenote_active":false,"_monsterinsights_sitenote_note":"","_monsterinsights_sitenote_category":0,"_kad_post_transparent":"default","_kad_post_title":"","_kad_post_layout":"default","_kad_post_sidebar_id":"","_kad_post_content_style":"default","_kad_post_vertical_padding":"default","_kad_post_feature":"","_kad_post_feature_position":"","_kad_post_header":false,"_kad_post_footer":false},"product_brand":[],"product_cat":[24],"product_tag":[],"class_list":{"0":"post-237","1":"product","2":"type-product","3":"status-publish","4":"has-post-thumbnail","6":"product_cat-kolorowanki-dla-doroslych","8":"first","9":"instock","10":"downloadable","11":"virtual","12":"purchasable","13":"product-type-simple","14":"entry","15":"content-bg","16":"loop-entry"},"aioseo_notices":[],"jetpack_sharing_enabled":true,"_links":{"self":[{"href":"https:\/\/straznicykalamarza.pl\/index.php\/wp-json\/wp\/v2\/product\/237","targetHints":{"allow":["GET"]}}],"collection":[{"href":"https:\/\/straznicykalamarza.pl\/index.php\/wp-json\/wp\/v2\/product"}],"about":[{"href":"https:\/\/straznicykalamarza.pl\/index.php\/wp-json\/wp\/v2\/types\/product"}],"replies":[{"embeddable":true,"href":"https:\/\/straznicykalamarza.pl\/index.php\/wp-json\/wp\/v2\/comments?post=237"}],"wp:featuredmedia":[{"embeddable":true,"href":"https:\/\/straznicykalamarza.pl\/index.php\/wp-json\/wp\/v2\/media\/242"}],"wp:attachment":[{"href":"https:\/\/straznicykalamarza.pl\/index.php\/wp-json\/wp\/v2\/media?parent=237"}],"wp:term":[{"taxonomy":"product_brand","embeddable":true,"href":"https:\/\/straznicykalamarza.pl\/index.php\/wp-json\/wp\/v2\/product_brand?post=237"},{"taxonomy":"product_cat","embeddable":true,"href":"https:\/\/straznicykalamarza.pl\/index.php\/wp-json\/wp\/v2\/product_cat?post=237"},{"taxonomy":"product_tag","embeddable":true,"href":"https:\/\/straznicykalamarza.pl\/index.php\/wp-json\/wp\/v2\/product_tag?post=237"}],"curies":[{"name":"wp","href":"https:\/\/api.w.org\/{rel}","templated":true}]}}