{"id":84,"date":"2025-10-01T08:17:49","date_gmt":"2025-10-01T08:17:49","guid":{"rendered":"https:\/\/straznicykalamarza.pl\/?post_type=product&#038;p=84"},"modified":"2025-11-07T12:13:41","modified_gmt":"2025-11-07T12:13:41","slug":"podroze-z-joga-dookola-swiata-antystresowa-kolorowanka-dla-doroslych","status":"publish","type":"product","link":"https:\/\/straznicykalamarza.pl\/index.php\/produkt\/podroze-z-joga-dookola-swiata-antystresowa-kolorowanka-dla-doroslych\/","title":{"rendered":"Podr\u00f3\u017ce z Jog\u0105 dooko\u0142a \u015bwiata &#8211; antystresowa kolorowanka dla doros\u0142ych"},"content":{"rendered":"<p>\ud83c\udf0d\u00a0<span class=\"a-text-italic\">Podr\u00f3\u017ce z jog\u0105 \u2013 kolorowanka antystresowa i relaksacyjna dla doros\u0142ych<\/span><br \/>\n\u2728 Odkryj \u015bwiat jogi i podr\u00f3\u017cy w jednej ksi\u0105\u017cce!<\/p>\n<p>Ta niezwyk\u0142a kolorowanka \u0142\u0105czy w sobie\u00a0<span class=\"a-text-bold\">relaksuj\u0105c\u0105 praktyk\u0119 jogi<\/span>\u00a0z magi\u0105\u00a0<span class=\"a-text-bold\">podr\u00f3\u017cy do najpi\u0119kniejszych miejsc na \u015bwiecie<\/span>. Ka\u017cda ilustracja przeniesie Ci\u0119 w inne miejsce \u2013 od gor\u0105cych pla\u017c Tajlandii, przez romantyczny Pary\u017c, a\u017c po egzotyczne lasy Amazonii i majestatyczne szczyty Himalaj\u00f3w.<\/p>\n<p>\ud83e\uddd8 W \u015brodku znajdziesz:<\/p>\n<ul class=\"a-unordered-list a-vertical\">\n<li><span class=\"a-text-bold\">30 oryginalnych ilustracji<\/span>\u00a0do kolorowania \u2013 kobiety w pozycjach jogi na tle ikonicznych miejsc \u015bwiata<\/li>\n<li>Szczeg\u00f3\u0142owe wzory i t\u0142a, kt\u00f3re pozwol\u0105 Ci si\u0119 wyciszy\u0107 i w pe\u0142ni zanurzy\u0107 w kolorowaniu<\/li>\n<li>Przygotowane pod druk jednostronny<\/li>\n<li>Tematy:\u00a0<span class=\"a-text-bold\">joga, podr\u00f3\u017ce, relaks, mindfulness, medytacji<\/span><\/li>\n<li><span class=\"a-text-bold\">Bonus<\/span>\u00a0&#8211; niespodzianka na ko\u0144cu ka\u017cdej pozycji z serii<\/li>\n<\/ul>\n<p>\ud83d\udc96 Dla kogo jest ta kolorowanka?<\/p>\n<ul class=\"a-unordered-list a-vertical\">\n<li>Dla doros\u0142ych, kt\u00f3rzy chc\u0105\u00a0<span class=\"a-text-bold\">zredukowa\u0107 stres i napi\u0119cie<\/span><\/li>\n<li>Dla os\u00f3b praktykuj\u0105cych\u00a0<span class=\"a-text-bold\">jog\u0119, mindfulness i medytacj\u0119<\/span><\/li>\n<li>Dla mi\u0142o\u015bnik\u00f3w\u00a0<span class=\"a-text-bold\">podr\u00f3\u017cy i odkrywania \u015bwiata<\/span><\/li>\n<\/ul>\n<p>\ud83c\udf81 Szukasz pomys\u0142u na prezent?<\/p>\n<p>Zam\u00f3w wersj\u0119 drukowana! Szybko, \u0142atwo i bezpiecznie za po\u015brednictwem Amazon.<\/p>\n<p><a href=\"https:\/\/www.amazon.pl\/dp\/B0FRXQ7PV9\">https:\/\/www.amazon.pl\/dp\/B0FRXQ7PV9<\/a><\/p>\n<p>Kolorowanie to nie tylko spos\u00f3b na kreatywne sp\u0119dzenie czasu \u2013 to r\u00f3wnie\u017c forma\u00a0<span class=\"a-text-bold\">medytacji i terapii antystresowej<\/span>. Z t\u0105 ksi\u0105\u017ck\u0105 odb\u0119dziesz niezwyk\u0142\u0105 podr\u00f3\u017c dooko\u0142a \u015bwiata i w g\u0142\u0105b siebie, odnajduj\u0105c spok\u00f3j, harmoni\u0119 i rado\u015b\u0107 tworzenia.<\/p>\n<p><span class=\"a-text-bold\">Stra\u017cnicy Ka\u0142amarza<\/span>\u00a0&#8211; dla doros\u0142ych kt\u00f3rzy chc\u0105 kreatywnie nic nie robi\u0107.<\/p>\n","protected":false},"excerpt":{"rendered":"<p>\ud83c\udf0d\u00a0Podr\u00f3\u017ce z jog\u0105 \u2013 kolorowanka antystresowa i relaksacyjna dla doros\u0142ych \u2728 Odkryj \u015bwiat jogi i podr\u00f3\u017cy w jednej ksi\u0105\u017cce! Ta niezwyk\u0142a kolorowanka \u0142\u0105czy w sobie\u00a0relaksuj\u0105c\u0105 praktyk\u0119 jogi\u00a0z magi\u0105\u00a0podr\u00f3\u017cy do najpi\u0119kniejszych miejsc na \u015bwiecie. Ka\u017cda ilustracja przeniesie Ci\u0119 w inne miejsce \u2013 od gor\u0105cych pla\u017c Tajlandii, przez romantyczny Pary\u017c, a\u017c po egzotyczne lasy Amazonii i majestatyczne&#8230;<\/p>\n","protected":false},"featured_media":13,"comment_status":"open","ping_status":"closed","template":"","meta":{"om_disable_all_campaigns":false,"_monsterinsights_skip_tracking":false,"_monsterinsights_sitenote_active":false,"_monsterinsights_sitenote_note":"","_monsterinsights_sitenote_category":0,"_kad_post_transparent":"default","_kad_post_title":"","_kad_post_layout":"default","_kad_post_sidebar_id":"","_kad_post_content_style":"default","_kad_post_vertical_padding":"default","_kad_post_feature":"","_kad_post_feature_position":"","_kad_post_header":false,"_kad_post_footer":false},"product_brand":[],"product_cat":[24],"product_tag":[19,21,20],"class_list":{"0":"post-84","1":"product","2":"type-product","3":"status-publish","4":"has-post-thumbnail","6":"product_cat-kolorowanki-dla-doroslych","7":"product_tag-joga","8":"product_tag-kolorowanka","9":"product_tag-podroze","11":"first","12":"instock","13":"downloadable","14":"virtual","15":"purchasable","16":"product-type-simple","17":"entry","18":"content-bg","19":"loop-entry"},"aioseo_notices":[],"jetpack_sharing_enabled":true,"_links":{"self":[{"href":"https:\/\/straznicykalamarza.pl\/index.php\/wp-json\/wp\/v2\/product\/84","targetHints":{"allow":["GET"]}}],"collection":[{"href":"https:\/\/straznicykalamarza.pl\/index.php\/wp-json\/wp\/v2\/product"}],"about":[{"href":"https:\/\/straznicykalamarza.pl\/index.php\/wp-json\/wp\/v2\/types\/product"}],"replies":[{"embeddable":true,"href":"https:\/\/straznicykalamarza.pl\/index.php\/wp-json\/wp\/v2\/comments?post=84"}],"wp:featuredmedia":[{"embeddable":true,"href":"https:\/\/straznicykalamarza.pl\/index.php\/wp-json\/wp\/v2\/media\/13"}],"wp:attachment":[{"href":"https:\/\/straznicykalamarza.pl\/index.php\/wp-json\/wp\/v2\/media?parent=84"}],"wp:term":[{"taxonomy":"product_brand","embeddable":true,"href":"https:\/\/straznicykalamarza.pl\/index.php\/wp-json\/wp\/v2\/product_brand?post=84"},{"taxonomy":"product_cat","embeddable":true,"href":"https:\/\/straznicykalamarza.pl\/index.php\/wp-json\/wp\/v2\/product_cat?post=84"},{"taxonomy":"product_tag","embeddable":true,"href":"https:\/\/straznicykalamarza.pl\/index.php\/wp-json\/wp\/v2\/product_tag?post=84"}],"curies":[{"name":"wp","href":"https:\/\/api.w.org\/{rel}","templated":true}]}}